{"id":1572,"date":"2024-10-16T09:30:08","date_gmt":"2024-10-16T09:30:08","guid":{"rendered":"https:\/\/arijaluxury.com\/kontakt\/"},"modified":"2025-02-28T09:52:00","modified_gmt":"2025-02-28T09:52:00","slug":"kontakt","status":"publish","type":"page","link":"https:\/\/arijaluxury.com\/de\/kontakt\/","title":{"rendered":"Kontakt"},"content":{"rendered":"\t\t<div data-elementor-type=\"wp-page\" data-elementor-id=\"1572\" class=\"elementor elementor-1572 elementor-123\" data-elementor-post-type=\"page\">\n\t\t\t\t<div class=\"elementor-element elementor-element-6bed8ab e-flex e-con-boxed e-con e-parent\" data-id=\"6bed8ab\" data-element_type=\"container\" data-e-type=\"container\" data-settings=\"{&quot;background_background&quot;:&quot;classic&quot;}\">\n\t\t\t\t\t<div class=\"e-con-inner\">\n\t\t\t\t<div class=\"elementor-element elementor-element-ea28c06 elementor-widget elementor-widget-heading\" data-id=\"ea28c06\" data-element_type=\"widget\" data-e-type=\"widget\" data-widget_type=\"heading.default\">\n\t\t\t\t<div class=\"elementor-widget-container\">\n\t\t\t\t\t<h2 class=\"elementor-heading-title elementor-size-default\">WEITERE INFORMATIONEN ANFORDERN<\/h2>\t\t\t\t<\/div>\n\t\t\t\t<\/div>\n\t\t\t\t<div class=\"elementor-element elementor-element-dd8178a elementor-widget elementor-widget-heading\" data-id=\"dd8178a\" data-element_type=\"widget\" data-e-type=\"widget\" data-widget_type=\"heading.default\">\n\t\t\t\t<div class=\"elementor-widget-container\">\n\t\t\t\t\t<h2 class=\"elementor-heading-title elementor-size-default\">Kontakt<\/h2>\t\t\t\t<\/div>\n\t\t\t\t<\/div>\n\t\t\t\t\t<\/div>\n\t\t\t\t<\/div>\n\t\t<div class=\"elementor-element elementor-element-99f8d74 e-flex e-con-boxed e-con e-parent\" data-id=\"99f8d74\" data-element_type=\"container\" data-e-type=\"container\">\n\t\t\t\t\t<div class=\"e-con-inner\">\n\t\t<div class=\"elementor-element elementor-element-ab17c6e e-con-full e-flex e-con e-child\" data-id=\"ab17c6e\" data-element_type=\"container\" data-e-type=\"container\">\n\t\t\t\t<div class=\"elementor-element elementor-element-c778889 elementor-widget elementor-widget-heading\" data-id=\"c778889\" data-element_type=\"widget\" data-e-type=\"widget\" data-widget_type=\"heading.default\">\n\t\t\t\t<div class=\"elementor-widget-container\">\n\t\t\t\t\t<h2 class=\"elementor-heading-title elementor-size-default\">WIR SIND F\u00dcR SIE DA<\/h2>\t\t\t\t<\/div>\n\t\t\t\t<\/div>\n\t\t\t\t<div class=\"elementor-element elementor-element-a7ad538 elementor-widget elementor-widget-heading\" data-id=\"a7ad538\" data-element_type=\"widget\" data-e-type=\"widget\" data-widget_type=\"heading.default\">\n\t\t\t\t<div class=\"elementor-widget-container\">\n\t\t\t\t\t<h2 class=\"elementor-heading-title elementor-size-default\">Ben\u00f6tigen Sie weitere Informationen?<\/h2>\t\t\t\t<\/div>\n\t\t\t\t<\/div>\n\t\t\t\t<div class=\"elementor-element elementor-element-a48b1ea elementor-widget elementor-widget-text-editor\" data-id=\"a48b1ea\" data-element_type=\"widget\" data-e-type=\"widget\" data-widget_type=\"text-editor.default\">\n\t\t\t\t<div class=\"elementor-widget-container\">\n\t\t\t\t\t\t\t\t\t<p>Wenn Sie weitere Informationen ben\u00f6tigen oder einfach nur Fragen zu unseren Wohnungen oder Dienstleistungen kl\u00e4ren m\u00f6chten, nehmen Sie bitte Kontakt mit uns auf, wir helfen Ihnen gerne weiter.<\/p><p>Email: info@arijaluxury.com<\/p><p>WhatsApp: +34 615 89 28 76<\/p>\t\t\t\t\t\t\t\t<\/div>\n\t\t\t\t<\/div>\n\t\t\t\t<div class=\"elementor-element elementor-element-404451d elementor-position-inline-start elementor-view-default elementor-mobile-position-block-start elementor-widget elementor-widget-icon-box\" data-id=\"404451d\" data-element_type=\"widget\" data-e-type=\"widget\" data-widget_type=\"icon-box.default\">\n\t\t\t\t<div class=\"elementor-widget-container\">\n\t\t\t\t\t\t\t<div class=\"elementor-icon-box-wrapper\">\n\n\t\t\t\t\t\t<div class=\"elementor-icon-box-icon\">\n\t\t\t\t<a href=\"https:\/\/arijaluxury.com\/nuestros-apartamentos\/\" class=\"elementor-icon\" tabindex=\"-1\" aria-label=\"Bitte reservieren\">\n\t\t\t\t<svg xmlns=\"http:\/\/www.w3.org\/2000\/svg\" id=\"Layer_1\" height=\"512\" viewBox=\"0 0 64 64\" width=\"512\"><g><g><path d=\"m51.65 58.33h3.69c1.447 0 2.62-1.173 2.62-2.62v-27.456c0-1.308.94-2.5 2.241-2.631 1.496-.151 2.759 1.022 2.759 2.487v27.6c0 4.208-3.412 7.62-7.62 7.62h-3.69c-1.381 0-2.5-1.119-2.5-2.5 0-1.381 1.119-2.5 2.5-2.5z\"><\/path><path d=\"m8.66 63.33c-4.208 0-7.62-3.412-7.62-7.62v-45.05c0-4.208 3.412-7.62 7.62-7.62h4.57c.07-1.32 1.15-2.37 2.48-2.37 1.34 0 2.42 1.05 2.49 2.37.01 0 .01.09.01.09v.04 4.73.04.1c-.08 1.31-1.16 2.36-2.5 2.36-1.33 0-2.41-1.05-2.48-2.36h-4.57c-1.447 0-2.62 1.173-2.62 2.62v5.95h51.92v-5.95c0-1.447-1.173-2.62-2.62-2.62h-4.57c-.07 1.31-1.15 2.36-2.48 2.36-1.34 0-2.42-1.05-2.49-2.36h-11.31c-.08 1.31-1.16 2.36-2.49 2.36s-2.41-1.05-2.49-2.36h-4.61c-1.272 0-2.447-.869-2.652-2.124-.262-1.6 1.092-2.876 2.613-2.876h4.65c.08-1.32 1.16-2.37 2.49-2.37s2.41 1.05 2.49 2.37h11.309c.07-1.32 1.15-2.37 2.49-2.37 1.33 0 2.41 1.05 2.48 2.37h4.57c4.208 0 7.62 3.412 7.62 7.62v7.51c0 1.9-1.54 3.44-3.44 3.44h-53.48v34.1c0 1.447 1.173 2.62 2.62 2.62h3.69c1.381 0 2.5 1.119 2.5 2.5 0 1.381-1.119 2.5-2.5 2.5z\"><\/path><\/g><g><path d=\"m32.001 29.575c-9.306 0-16.876 7.571-16.876 16.875 0 9.306 7.571 16.876 16.876 16.876s16.875-7.571 16.875-16.876c0-9.304-7.571-16.875-16.875-16.875zm0 29.227c-6.811 0-12.351-5.54-12.351-12.351 0-6.81 5.54-12.35 12.351-12.35 6.81 0 12.35 5.54 12.35 12.35-.001 6.81-5.541 12.351-12.35 12.351z\"><\/path><path d=\"m37.647 40.074c-.674 0-1.349.248-1.844.744l-5.76 5.76-1.886-1.886c-.977-.975-2.685-.973-3.659 0-1.002 1.001-.997 2.659 0 3.659l3.732 3.73c.487.489 1.138.758 1.829.758.716 0 1.382-.271 1.872-.765 0 0 7.538-7.539 7.562-7.563 1.005-1.005 1.003-2.692 0-3.692-.496-.497-1.171-.745-1.846-.745z\"><\/path><\/g><\/g><\/svg>\t\t\t\t<\/a>\n\t\t\t<\/div>\n\t\t\t\n\t\t\t\t\t\t<div class=\"elementor-icon-box-content\">\n\n\t\t\t\t\t\t\t\t\t<h3 class=\"elementor-icon-box-title\">\n\t\t\t\t\t\t<a href=\"https:\/\/arijaluxury.com\/nuestros-apartamentos\/\" >\n\t\t\t\t\t\t\tBitte reservieren\t\t\t\t\t\t<\/a>\n\t\t\t\t\t<\/h3>\n\t\t\t\t\n\t\t\t\t\t\t\t\t\t<p class=\"elementor-icon-box-description\">\n\t\t\t\t\t\tSIEHE VERF\u00dcGBARE WOHNUNGEN\t\t\t\t\t<\/p>\n\t\t\t\t\n\t\t\t<\/div>\n\t\t\t\n\t\t<\/div>\n\t\t\t\t\t\t<\/div>\n\t\t\t\t<\/div>\n\t\t\t\t<\/div>\n\t\t<div class=\"elementor-element elementor-element-4be1a6c e-con-full e-flex e-con e-child\" data-id=\"4be1a6c\" data-element_type=\"container\" data-e-type=\"container\">\n\t\t\t\t<div class=\"elementor-element elementor-element-927ab14 elementor-button-align-stretch elementor-widget elementor-widget-form\" data-id=\"927ab14\" data-element_type=\"widget\" data-e-type=\"widget\" data-settings=\"{&quot;step_next_label&quot;:&quot;Weiter&quot;,&quot;step_previous_label&quot;:&quot;Vorherige&quot;,&quot;button_width&quot;:&quot;100&quot;,&quot;step_type&quot;:&quot;number_text&quot;,&quot;step_icon_shape&quot;:&quot;circle&quot;}\" data-widget_type=\"form.default\">\n\t\t\t\t<div class=\"elementor-widget-container\">\n\t\t\t\t\t\t\t<form class=\"elementor-form\" method=\"post\" name=\"Kontakt\" aria-label=\"Kontakt\">\n\t\t\t<input type=\"hidden\" name=\"post_id\" value=\"1572\"\/>\n\t\t\t<input type=\"hidden\" name=\"form_id\" value=\"927ab14\"\/>\n\t\t\t<input type=\"hidden\" name=\"referer_title\" value=\"\" \/>\n\n\t\t\t\n\t\t\t<div class=\"elementor-form-fields-wrapper elementor-labels-above\">\n\t\t\t\t\t\t\t\t<div class=\"elementor-field-type-text elementor-field-group elementor-column elementor-field-group-name elementor-col-100\">\n\t\t\t\t\t\t\t\t\t\t\t\t<label for=\"form-field-name\" class=\"elementor-field-label\">\n\t\t\t\t\t\t\t\tAnzahl\t\t\t\t\t\t\t<\/label>\n\t\t\t\t\t\t\t\t\t\t\t\t\t\t<input size=\"1\" type=\"text\" name=\"form_fields[name]\" id=\"form-field-name\" class=\"elementor-field elementor-size-sm  elementor-field-textual\" placeholder=\"Anzahl\">\n\t\t\t\t\t\t\t\t\t\t\t<\/div>\n\t\t\t\t\t\t\t\t<div class=\"elementor-field-type-email elementor-field-group elementor-column elementor-field-group-email elementor-col-100 elementor-field-required\">\n\t\t\t\t\t\t\t\t\t\t\t\t<label for=\"form-field-email\" class=\"elementor-field-label\">\n\t\t\t\t\t\t\t\tE-Mail Adresse\t\t\t\t\t\t\t<\/label>\n\t\t\t\t\t\t\t\t\t\t\t\t\t\t<input size=\"1\" type=\"email\" name=\"form_fields[email]\" id=\"form-field-email\" class=\"elementor-field elementor-size-sm  elementor-field-textual\" placeholder=\"E-Mail Adresse\" required=\"required\">\n\t\t\t\t\t\t\t\t\t\t\t<\/div>\n\t\t\t\t\t\t\t\t<div class=\"elementor-field-type-tel elementor-field-group elementor-column elementor-field-group-field_9309d87 elementor-col-100 elementor-field-required\">\n\t\t\t\t\t\t\t\t\t\t\t\t<label for=\"form-field-field_9309d87\" class=\"elementor-field-label\">\n\t\t\t\t\t\t\t\tTelefon\t\t\t\t\t\t\t<\/label>\n\t\t\t\t\t\t\t\t<input size=\"1\" type=\"tel\" name=\"form_fields[field_9309d87]\" id=\"form-field-field_9309d87\" class=\"elementor-field elementor-size-sm  elementor-field-textual\" placeholder=\"Telefon\" required=\"required\" pattern=\"[0-9()#&amp;+*-=.]+\" title=\"Nur Nummern oder Telefon-Zeichen (#, -, *, etc) werden akzeptiert.\">\n\n\t\t\t\t\t\t<\/div>\n\t\t\t\t\t\t\t\t<div class=\"elementor-field-type-textarea elementor-field-group elementor-column elementor-field-group-message elementor-col-100\">\n\t\t\t\t\t\t\t\t\t\t\t\t<label for=\"form-field-message\" class=\"elementor-field-label\">\n\t\t\t\t\t\t\t\tNachricht\t\t\t\t\t\t\t<\/label>\n\t\t\t\t\t\t<textarea class=\"elementor-field-textual elementor-field  elementor-size-sm\" name=\"form_fields[message]\" id=\"form-field-message\" rows=\"4\" placeholder=\"Nachricht\"><\/textarea>\t\t\t\t<\/div>\n\t\t\t\t\t\t\t\t<div class=\"elementor-field-type-html elementor-field-group elementor-column elementor-field-group-field_98681b0 elementor-col-100\">\n\t\t\t\t\t<span style=\"font-size:12px; line-height: 0.5em;\">Die pers\u00f6nlichen Daten, die Sie freiwillig \u00fcber dieses Web-Formular zur Verf\u00fcgung stellen, werden von ARIJA LUXURY RENTALS als Verantwortlichem f\u00fcr die Bearbeitung Ihrer Anfrage, Anfrage, Beschwerde oder Anregung verarbeitet, ohne dass es zu einer Mitteilung oder \u00dcbertragung von Daten kommt, und werden so lange aufbewahrt, wie es f\u00fcr die Bearbeitung Ihrer Anfrage erforderlich ist. Sie k\u00f6nnen Ihr Recht auf Auskunft, Berichtigung oder L\u00f6schung Ihrer Daten aus\u00fcben, indem Sie sich an \/\/ wenden. Weitere Informationen finden Sie in unserer Datenschutzerkl\u00e4rung.<\/span>\t\t\t\t<\/div>\n\t\t\t\t\t\t\t\t<div class=\"elementor-field-group elementor-column elementor-field-type-submit elementor-col-100 e-form__buttons\">\n\t\t\t\t\t<button class=\"elementor-button elementor-size-sm\" type=\"submit\">\n\t\t\t\t\t\t<span class=\"elementor-button-content-wrapper\">\n\t\t\t\t\t\t\t\t\t\t\t\t\t\t\t\t\t\t\t\t\t\t<span class=\"elementor-button-text\">Senden Sie<\/span>\n\t\t\t\t\t\t\t\t\t\t\t\t\t<\/span>\n\t\t\t\t\t<\/button>\n\t\t\t\t<\/div>\n\t\t\t<\/div>\n\t\t<\/form>\n\t\t\t\t\t\t<\/div>\n\t\t\t\t<\/div>\n\t\t\t\t<\/div>\n\t\t\t\t\t<\/div>\n\t\t\t\t<\/div>\n\t\t\t\t<\/div>\n\t\t","protected":false},"excerpt":{"rendered":"<p>WEITERE INFORMATIONEN ANFORDERN Kontakt WIR SIND F\u00dcR SIE DA Ben\u00f6tigen Sie weitere Informationen? Wenn Sie weitere Informationen ben\u00f6tigen oder einfach nur Fragen zu unseren Wohnungen oder Dienstleistungen kl\u00e4ren m\u00f6chten, nehmen Sie bitte Kontakt mit uns auf, wir helfen Ihnen gerne weiter. Email: info@arijaluxury.com WhatsApp: +34 615 89 28 76 Bitte reservieren SIEHE VERF\u00dcGBARE WOHNUNGEN<\/p>\n","protected":false},"author":1,"featured_media":0,"parent":0,"menu_order":0,"comment_status":"closed","ping_status":"closed","template":"elementor_header_footer","meta":{"inline_featured_image":false,"footnotes":""},"class_list":["post-1572","page","type-page","status-publish","hentry"],"_links":{"self":[{"href":"https:\/\/arijaluxury.com\/de\/wp-json\/wp\/v2\/pages\/1572","targetHints":{"allow":["GET"]}}],"collection":[{"href":"https:\/\/arijaluxury.com\/de\/wp-json\/wp\/v2\/pages"}],"about":[{"href":"https:\/\/arijaluxury.com\/de\/wp-json\/wp\/v2\/types\/page"}],"author":[{"embeddable":true,"href":"https:\/\/arijaluxury.com\/de\/wp-json\/wp\/v2\/users\/1"}],"replies":[{"embeddable":true,"href":"https:\/\/arijaluxury.com\/de\/wp-json\/wp\/v2\/comments?post=1572"}],"version-history":[{"count":1,"href":"https:\/\/arijaluxury.com\/de\/wp-json\/wp\/v2\/pages\/1572\/revisions"}],"predecessor-version":[{"id":1573,"href":"https:\/\/arijaluxury.com\/de\/wp-json\/wp\/v2\/pages\/1572\/revisions\/1573"}],"wp:attachment":[{"href":"https:\/\/arijaluxury.com\/de\/wp-json\/wp\/v2\/media?parent=1572"}],"curies":[{"name":"wp","href":"https:\/\/api.w.org\/{rel}","templated":true}]}}